{"id":2328,"date":"2024-06-24T08:02:28","date_gmt":"2024-06-24T08:02:28","guid":{"rendered":"https:\/\/loveinrome.pl\/?page_id=2328"},"modified":"2025-01-20T09:00:23","modified_gmt":"2025-01-20T09:00:23","slug":"rozne-wyprawy","status":"publish","type":"page","link":"https:\/\/loveinrome.pl\/index.php\/rozne-wyprawy\/","title":{"rendered":"Oj w\u0142\u00f3czymy si\u0119."},"content":{"rendered":"","protected":true},"excerpt":{"rendered":"","protected":true},"author":1,"featured_media":2360,"parent":0,"menu_order":0,"comment_status":"closed","ping_status":"closed","template":"","meta":{"saved_in_kubio":false,"footnotes":""},"class_list":["entry","page","publish","author-admin2633","protected","post-2328"],"kubio_ai_page_context":{"short_desc":"","purpose":"general"},"_links":{"self":[{"href":"https:\/\/loveinrome.pl\/index.php\/wp-json\/wp\/v2\/pages\/2328","targetHints":{"allow":["GET"]}}],"collection":[{"href":"https:\/\/loveinrome.pl\/index.php\/wp-json\/wp\/v2\/pages"}],"about":[{"href":"https:\/\/loveinrome.pl\/index.php\/wp-json\/wp\/v2\/types\/page"}],"author":[{"embeddable":true,"href":"https:\/\/loveinrome.pl\/index.php\/wp-json\/wp\/v2\/users\/1"}],"replies":[{"embeddable":true,"href":"https:\/\/loveinrome.pl\/index.php\/wp-json\/wp\/v2\/comments?post=2328"}],"version-history":[{"count":4,"href":"https:\/\/loveinrome.pl\/index.php\/wp-json\/wp\/v2\/pages\/2328\/revisions"}],"predecessor-version":[{"id":2359,"href":"https:\/\/loveinrome.pl\/index.php\/wp-json\/wp\/v2\/pages\/2328\/revisions\/2359"}],"wp:featuredmedia":[{"embeddable":true,"href":"https:\/\/loveinrome.pl\/index.php\/wp-json\/wp\/v2\/media\/2360"}],"wp:attachment":[{"href":"https:\/\/loveinrome.pl\/index.php\/wp-json\/wp\/v2\/media?parent=2328"}],"curies":[{"name":"wp","href":"https:\/\/api.w.org\/{rel}","templated":true}]}}